{"id":49,"date":"2013-11-14T15:37:22","date_gmt":"2013-11-14T13:37:22","guid":{"rendered":"http:\/\/www.paletten-verkauf.com\/?page_id=49"},"modified":"2018-01-19T16:05:38","modified_gmt":"2018-01-19T14:05:38","slug":"produkte","status":"publish","type":"page","link":"https:\/\/www.paletten-verkauf.com\/index.php\/produkte\/","title":{"rendered":"Produkte"},"content":{"rendered":"<div id=\"pl-49\"  class=\"panel-layout\" ><div id=\"pg-49-0\"  class=\"panel-grid panel-no-style\" ><div id=\"pgc-49-0-0\"  class=\"panel-grid-cell\" ><div id=\"panel-49-0-0-0\" class=\"so-panel widget widget_text panel-first-child panel-last-child\" data-index=\"0\" ><h3 class=\"widget-title\">Paletten<\/h3>\t\t\t<div class=\"textwidget\"><p>Hier erhalten Sie gebrauchte Paletten verschiedenster Art und Norm, wie auch die original EPAL Europalette gefertigt nach UIC-Merkblatt 435-2 \/ DIN 15146-2.<\/p>\n<p>Nur EUR-Paletten mit dem G\u00fctezeichen EPAL sind international tauschf\u00e4hig und sicher. Sie sind anhand des EPAL-G\u00fctesiegels auf dem Mittelklotz zu erkennen.<\/p>\n<p>Produkte<\/p>\n<p>\u2022 Europaletten I. Wahl 800x1200<br \/>\n\u2022 Europaletten II. Wahl 800x1200<\/p>\n<p>\u2022 Industrie-Paletten 1000x1200<br \/>\n\u2022 Asia-Paletten 1100x1100<\/p>\n<p>\u2022 Einweg-Paletten 400x600<br \/>\n\u2022 Einweg-Paletten 800x1200<br \/>\n\u2022 Einweg-Paletten 1800x1200<br \/>\n\u2022 Einweg-Paletten 1000x1000<\/p>\n<p>\u2022 CP-\/Chemie-Paletten<br \/>\n\u2022 D\u00fcsseldorfer Paletten<br \/>\n\u2022 Brauerei- und Bier-Paletten<br \/>\n\u2022 Inka-Paletten<\/p>\n<p>\u2022 H1 Kunststoffpaletten<br \/>\n\u2022 Kunststoffpaletten  800x1200<br \/>\n\u2022 Kunststoffpaletten 1000x1200<\/p>\n<p>\u2022 Fertigung von Sonderma\u00dfen (Paletten und Kisten)<\/p>\n<p><u>Informationen:<\/u><br \/>\nEine weltweit einheitlich genormte Palette gibt es nicht.<br \/>\n\u2022 Die Palettenwelt ist im wesentlichen dreigeteilt:<br \/>\n&nbsp;&nbsp;&nbsp;&nbsp;- F\u00fcr Nordamerika gelten die Hauptma\u00dfe 48x40 inches (1219,2x1016mm)<br \/>\n&nbsp;&nbsp;&nbsp;&nbsp;- f\u00fcr Asien 1100x1100 mm und<br \/>\n&nbsp;&nbsp;&nbsp;&nbsp;- f\u00fcr Europa 800x1200 sowie 1000x1200 mm.<br \/>\n\u2022 In Asien werden kundenspezifische Palettenkonfigurationen ohne Beachtung der Standards verwendet.<br \/>\n\u2022 Japan verwendet Paletten mit den Ma\u00dfen 1100x1100 mm, da dieses Palettenma\u00df passend f\u00fcr Seecontainer mit einer Breite von 45\u2018\u2018 (1143mm) ist. <\/p>\n<\/div>\n\t\t<\/div><\/div><div id=\"pgc-49-0-1\"  class=\"panel-grid-cell\" ><div id=\"panel-49-0-1-0\" class=\"so-panel widget widget_siteorigin-panels-image panel-first-child\" data-index=\"1\" ><img src=\"http:\/\/www.paletten-verkauf.com\/wp-content\/uploads\/Euro_1.jpg\" \/><\/div><div id=\"panel-49-0-1-1\" class=\"so-panel widget widget_text\" data-index=\"2\" >\t\t\t<div class=\"textwidget\">Europaletten 1. Wahl<\/div>\n\t\t<\/div><div id=\"panel-49-0-1-2\" class=\"so-panel widget widget_siteorigin-panels-image\" data-index=\"3\" ><img src=\"http:\/\/www.paletten-verkauf.com\/wp-content\/uploads\/Euro_2.jpg\" \/><\/div><div id=\"panel-49-0-1-3\" class=\"so-panel widget widget_text\" data-index=\"4\" >\t\t\t<div class=\"textwidget\"><p>Europaletten<\/p>\n<\/div>\n\t\t<\/div><div id=\"panel-49-0-1-4\" class=\"so-panel widget widget_siteorigin-panels-image\" data-index=\"5\" ><img src=\"http:\/\/www.paletten-verkauf.com\/wp-content\/uploads\/palette-4weg1weg.gif\" \/><\/div><div id=\"panel-49-0-1-5\" class=\"so-panel widget widget_text\" data-index=\"6\" >\t\t\t<div class=\"textwidget\"><p>Einwegpaletten<\/p>\n<p>1m X 1.20m \/ 0.80m X 1.20m \/ 1m X 1m \/ 0.60m X 0.80m Stabil<\/p>\n<\/div>\n\t\t<\/div><div id=\"panel-49-0-1-6\" class=\"so-panel widget widget_siteorigin-panels-image\" data-index=\"7\" ><img src=\"http:\/\/www.paletten-verkauf.com\/wp-content\/uploads\/duesseldorfer.jpg\" \/><\/div><div id=\"panel-49-0-1-7\" class=\"so-panel widget widget_text\" data-index=\"8\" >\t\t\t<div class=\"textwidget\">D\u00fcsseldorfer Palette<\/div>\n\t\t<\/div><div id=\"panel-49-0-1-8\" class=\"so-panel widget widget_siteorigin-panels-image\" data-index=\"9\" ><img src=\"http:\/\/www.paletten-verkauf.com\/wp-content\/uploads\/inkapalette.jpg\" \/><\/div><div id=\"panel-49-0-1-9\" class=\"so-panel widget widget_text\" data-index=\"10\" >\t\t\t<div class=\"textwidget\">Pre\u00dfspanpalette<\/div>\n\t\t<\/div><div id=\"panel-49-0-1-10\" class=\"so-panel widget widget_siteorigin-panels-image\" data-index=\"11\" ><img src=\"http:\/\/www.paletten-verkauf.com\/wp-content\/uploads\/h1.jpg\" \/><\/div><div id=\"panel-49-0-1-11\" class=\"so-panel widget widget_text panel-last-child\" data-index=\"12\" >\t\t\t<div class=\"textwidget\">Kunststoffpalette<\/div>\n\t\t<\/div><\/div><\/div><\/div>","protected":false},"excerpt":{"rendered":"<p>Hier erhalten Sie gebrauchte Paletten verschiedenster Art und Norm, wie auch die original EPAL Europalette gefertigt nach UIC-Merkblatt 435-2 \/ DIN 15146-2. Nur EUR-Paletten mit dem G\u00fctezeichen EPAL sind international tauschf\u00e4hig und sicher. Sie sind anhand des EPAL-G\u00fctesiegels auf dem Mittelklotz zu erkennen. Produkte \u2022 Europaletten I. Wahl 800&#215;1200 \u2022 [&hellip;]<\/p>\n","protected":false},"author":1,"featured_media":0,"parent":0,"menu_order":0,"comment_status":"open","ping_status":"open","template":"template-full-width.php","meta":[],"_links":{"self":[{"href":"https:\/\/www.paletten-verkauf.com\/index.php\/wp-json\/wp\/v2\/pages\/49"}],"collection":[{"href":"https:\/\/www.paletten-verkauf.com\/index.php\/wp-json\/wp\/v2\/pages"}],"about":[{"href":"https:\/\/www.paletten-verkauf.com\/index.php\/wp-json\/wp\/v2\/types\/page"}],"author":[{"embeddable":true,"href":"https:\/\/www.paletten-verkauf.com\/index.php\/wp-json\/wp\/v2\/users\/1"}],"replies":[{"embeddable":true,"href":"https:\/\/www.paletten-verkauf.com\/index.php\/wp-json\/wp\/v2\/comments?post=49"}],"version-history":[{"count":29,"href":"https:\/\/www.paletten-verkauf.com\/index.php\/wp-json\/wp\/v2\/pages\/49\/revisions"}],"predecessor-version":[{"id":168,"href":"https:\/\/www.paletten-verkauf.com\/index.php\/wp-json\/wp\/v2\/pages\/49\/revisions\/168"}],"wp:attachment":[{"href":"https:\/\/www.paletten-verkauf.com\/index.php\/wp-json\/wp\/v2\/media?parent=49"}],"curies":[{"name":"wp","href":"https:\/\/api.w.org\/{rel}","templated":true}]}}